{"id":45,"date":"2014-02-21T10:40:26","date_gmt":"2014-02-21T10:40:26","guid":{"rendered":"http:\/\/www.grupo-algeciras.com\/wpress\/?page_id=45"},"modified":"2026-01-26T16:29:30","modified_gmt":"2026-01-26T14:29:30","slug":"el-grupo","status":"publish","type":"page","link":"https:\/\/www.grupo-algeciras.com\/","title":{"rendered":"Inicio"},"content":{"rendered":"<p style=\"text-align: center;\">Info:\u00a0\u00a0 <a href=\"mailto:info@grupo-algeciras.com\">info@grupo-algeciras.com<\/a><br \/>\nBLOG:\u00a0 <a href=\"http:\/\/filatelicosalgeciras.blogspot.com\/\" target=\"_blank\" rel=\"noopener noreferrer\">TARJETAS M\u00c1XIMAS DEL GRUPO<\/a><br \/>\nBLOG:\u00a0 <a href=\"http:\/\/postalesalgeciras.blogspot.com\/\" target=\"_blank\" rel=\"noopener noreferrer\">TARJETAS\u00a0POSTALES DEL GRUPO<\/a><br \/>\nBLOG:\u00a0\u00a0<a href=\"http:\/\/conferencia-1906.blogspot.com\/\" target=\"_blank\" rel=\"noopener noreferrer\">La Conferencia Internacional de Algeciras, 1906<\/a><\/p>\n<p style=\"text-align: center;\"><a href=\"https:\/\/www.grupo-algeciras.com\/index.php\/category\/noticias\/\"><span style=\"color: #000000;\"><strong>Ultima actualizaci\u00f3n 26 enero de 2026<\/strong><\/span><\/a><\/p>\n<p style=\"text-align: center;\"><img loading=\"lazy\" decoding=\"async\" class=\"alignnone size-medium wp-image-2630\" src=\"http:\/\/www.grupo-algeciras.com\/wpress\/wp-content\/uploads\/WhatsApp-Image-2024-12-13-at-13.54.30-1-300x135.jpeg\" alt=\"\" width=\"500\" height=\"230\" \/><\/p>\n<p style=\"text-align: center;\">\u00a0<a href=\"https:\/\/www.grupo-algeciras.com\/index.php\/category\/filatelia\/matasellos\/\"><img loading=\"lazy\" decoding=\"async\" class=\"alignnone size-medium wp-image-2591\" src=\"http:\/\/www.grupo-algeciras.com\/wpress\/wp-content\/uploads\/scan-3-203x300.jpg\" alt=\"\" width=\"180\" height=\"265\" srcset=\"https:\/\/www.grupo-algeciras.com\/wpress\/wp-content\/uploads\/scan-3-203x300.jpg 203w, https:\/\/www.grupo-algeciras.com\/wpress\/wp-content\/uploads\/scan-3-680x1004.jpg 680w, https:\/\/www.grupo-algeciras.com\/wpress\/wp-content\/uploads\/scan-3-768x1134.jpg 768w, https:\/\/www.grupo-algeciras.com\/wpress\/wp-content\/uploads\/scan-3-1040x1536.jpg 1040w, https:\/\/www.grupo-algeciras.com\/wpress\/wp-content\/uploads\/scan-3-624x921.jpg 624w, https:\/\/www.grupo-algeciras.com\/wpress\/wp-content\/uploads\/scan-3.jpg 1192w\" sizes=\"auto, (max-width: 180px) 100vw, 180px\" \/> \u00a0 <img loading=\"lazy\" decoding=\"async\" class=\"alignnone size-medium wp-image-2595\" src=\"http:\/\/www.grupo-algeciras.com\/wpress\/wp-content\/uploads\/SPD-P-ALGECIRAS-300x186.jpg\" alt=\"\" width=\"427\" height=\"265\" srcset=\"https:\/\/www.grupo-algeciras.com\/wpress\/wp-content\/uploads\/SPD-P-ALGECIRAS-300x186.jpg 300w, https:\/\/www.grupo-algeciras.com\/wpress\/wp-content\/uploads\/SPD-P-ALGECIRAS-680x421.jpg 680w, https:\/\/www.grupo-algeciras.com\/wpress\/wp-content\/uploads\/SPD-P-ALGECIRAS-768x475.jpg 768w, https:\/\/www.grupo-algeciras.com\/wpress\/wp-content\/uploads\/SPD-P-ALGECIRAS-624x386.jpg 624w, https:\/\/www.grupo-algeciras.com\/wpress\/wp-content\/uploads\/SPD-P-ALGECIRAS.jpg 997w\" sizes=\"auto, (max-width: 427px) 100vw, 427px\" \/><\/a><\/p>\n<p style=\"text-align: center;\">Nueva TARJETA M\u00c1XIMA -ALGECIRAS- y Sobre Primer D\u00eda circulaci\u00f3n -ALGECIRAS-<\/p>\n<p style=\"text-align: center;\">Con motivo de la puesta en circulaci\u00f3n del sello de Navidad \u00abArrastre de latas por los ni\u00f1os y ni\u00f1as en la v\u00edspera de los Reyes Magos. Algeciras\u00bb.<\/p>\n<p style=\"text-align: center;\"><span style=\"font-size: 1rem;\">\u00a0 <\/span><a style=\"color: #333399;\" href=\"https:\/\/fesofi.es\/noticias\/\"><span style=\"font-size: 18pt;\">Noticias diarias desde la web de FESOFI<\/span><\/a><\/p>\n<p style=\"text-align: center;\"><span style=\"font-size: 1rem;\">\u00a0 \u00a0 \u00a0 \u00a0<\/span>\u00a0\u00a0\u00a0<span style=\"font-size: 1rem;\">\u00a0 \u00a0\u00a0<\/span>Esta p\u00e1gina se inici\u00f3 con motivo de la EXFILNA&#8217;06 y del Centenario de la Conferencia Internacional de Algeciras sobre Marruecos de 1906. Ahora convertida en la p\u00e1gina oficial del Grupo Filat\u00e9lico y Numism\u00e1tico de Algeciras.<\/p>\n","protected":false},"excerpt":{"rendered":"<p>Info:\u00a0\u00a0 info@grupo-algeciras.com BLOG:\u00a0 TARJETAS M\u00c1XIMAS DEL GRUPO BLOG:\u00a0 TARJETAS\u00a0POSTALES DEL GRUPO BLOG:\u00a0\u00a0La Conferencia Internacional de Algeciras, 1906 Ultima actualizaci\u00f3n 26 enero de 2026 \u00a0 \u00a0 Nueva TARJETA M\u00c1XIMA -ALGECIRAS- y Sobre Primer D\u00eda circulaci\u00f3n -ALGECIRAS- Con motivo de la puesta en circulaci\u00f3n del sello de Navidad \u00abArrastre de latas por los ni\u00f1os y ni\u00f1as en [&hellip;]<\/p>\n","protected":false},"author":1,"featured_media":0,"parent":0,"menu_order":0,"comment_status":"closed","ping_status":"open","template":"","meta":{"footnotes":""},"class_list":["post-45","page","type-page","status-publish","hentry"],"_links":{"self":[{"href":"https:\/\/www.grupo-algeciras.com\/index.php\/wp-json\/wp\/v2\/pages\/45","targetHints":{"allow":["GET"]}}],"collection":[{"href":"https:\/\/www.grupo-algeciras.com\/index.php\/wp-json\/wp\/v2\/pages"}],"about":[{"href":"https:\/\/www.grupo-algeciras.com\/index.php\/wp-json\/wp\/v2\/types\/page"}],"author":[{"embeddable":true,"href":"https:\/\/www.grupo-algeciras.com\/index.php\/wp-json\/wp\/v2\/users\/1"}],"replies":[{"embeddable":true,"href":"https:\/\/www.grupo-algeciras.com\/index.php\/wp-json\/wp\/v2\/comments?post=45"}],"version-history":[{"count":197,"href":"https:\/\/www.grupo-algeciras.com\/index.php\/wp-json\/wp\/v2\/pages\/45\/revisions"}],"predecessor-version":[{"id":2689,"href":"https:\/\/www.grupo-algeciras.com\/index.php\/wp-json\/wp\/v2\/pages\/45\/revisions\/2689"}],"wp:attachment":[{"href":"https:\/\/www.grupo-algeciras.com\/index.php\/wp-json\/wp\/v2\/media?parent=45"}],"curies":[{"name":"wp","href":"https:\/\/api.w.org\/{rel}","templated":true}]}}